{"id":201,"date":"2024-10-03T23:19:50","date_gmt":"2024-10-03T23:19:50","guid":{"rendered":"https:\/\/lex-elc.com\/?page_id=201"},"modified":"2024-10-04T01:19:37","modified_gmt":"2024-10-04T01:19:37","slug":"company","status":"publish","type":"page","link":"https:\/\/lex-elc.com\/vi\/company\/","title":{"rendered":"\u4f1a\u793e\u6982\u8981-vie"},"content":{"rendered":"\n<div class=\"wp-block-columns is-layout-flex wp-container-core-columns-is-layout-9d63d492 wp-block-columns-is-layout-flex\">\n<div class=\"wp-block-column is-vertically-aligned-center is-layout-flow wp-block-column-is-layout-flow\" style=\"flex-basis:66.66%\">\n<div class=\"wp-block-group is-nowrap is-layout-flex wp-container-core-group-is-layout-ebdca64b wp-block-group-is-layout-flex\">\n<h2 class=\"wp-block-heading has-text-align-left is-style-vk-heading-plain vk_block-margin-0--margin-top vk_block-margin-0--margin-bottom\">L\u1eddi ch\u00e0o t\u1eeb ng\u01b0\u1eddi \u0111\u1ea1i di\u1ec7n<\/h2>\n\n\n\n<p class=\"vk_block-margin-0--margin-bottom has-vk-color-primary-vivid-color has-text-color\" style=\"letter-spacing:2px\">Greeting<\/p>\n<\/div>\n\n\n\n<div class=\"wp-block-vk-blocks-spacer vk_spacer vk_spacer-type-margin-top vk_block-margin-0--margin-top vk_block-margin-0--margin-bottom\"><div class=\"vk_block-margin-sm--margin-top\"><\/div><\/div>\n\n\n\n<p style=\"line-height:2.4\">Xin ch\u00e2n th\u00e0nh c\u1ea3m \u01a1n qu\u00fd kh\u00e1ch \u0111\u00e3 lu\u00f4n \u1ee7ng h\u1ed9 c\u00f4ng ty ch\u00fang t\u00f4i.<\/p>\n\n\n\n<p>K\u1ec3 t\u1eeb khi th\u00e0nh l\u1eadp c\u00f4ng ty, ch\u00fang t\u00f4i \u0111\u00e3 tham gia v\u00e0o l\u0129nh v\u1ef1c kinh doanh nh\u00e2n s\u1ef1 d\u1ef1a tr\u00ean tri\u1ebft l\u00fd \"k\u1ebft n\u1ed1i m\u1ecdi ng\u01b0\u1eddi v\u00e0 c\u00e1c c\u00f4ng ty v\u00e0 c\u00f9ng nhau ph\u00e1t tri\u1ec3n\". Trong m\u00f4i tr\u01b0\u1eddng kinh doanh ng\u00e0y c\u00e0ng \u0111a d\u1ea1ng, nhu c\u1ea7u nh\u00e2n s\u1ef1 c\u1ee7a c\u00e1c c\u00f4ng ty tr\u1edf n\u00ean v\u00f4 c\u00f9ng ph\u1ee9c t\u1ea1p. K\u1ebft qu\u1ea3 l\u00e0, k\u1ef3 v\u1ecdng ngh\u1ec1 nghi\u1ec7p cho t\u1ea5t c\u1ea3 nh\u00e2n vi\u00ean ng\u00e0y c\u00e0ng t\u0103ng. S\u1ee9 m\u1ec7nh c\u1ee7a ch\u00fang t\u00f4i l\u00e0 h\u01b0\u1edbng t\u1edbi s\u1ef1 ph\u00f9 h\u1ee3p t\u1ed1t nh\u1ea5t v\u1edbi t\u01b0 c\u00e1ch l\u00e0 m\u1ed9t \u0111\u1ed1i t\u00e1c \u0111\u00e1ng tin c\u1eady.<\/p>\n\n\n\n<p style=\"line-height:2.4\">Ch\u00fang t\u00f4i mong nh\u1eadn \u0111\u01b0\u1ee3c s\u1ef1 b\u1ea3o tr\u1ee3 ti\u1ebfp t\u1ee5c c\u1ee7a b\u1ea1n.<\/p>\n\n\n\n<p class=\"has-text-align-right vk_block-margin-0--margin-bottom has-black-color has-text-color\">C\u00f4ng ty TNHH Lex<br>Gi\u00e1m \u0111\u1ed1c \u0111\u1ea1i di\u1ec7n\u3000Masami Nakagawa<\/p>\n<\/div>\n\n\n\n<div class=\"wp-block-column is-vertically-aligned-top is-layout-flow wp-block-column-is-layout-flow\" style=\"flex-basis:33.33%\">\n<figure class=\"wp-block-image aligncenter size-full is-style-vk-image-border vk_block-margin-0--margin-bottom\"><a href=\"https:\/\/lex-elc.com\/wp-content\/uploads\/2024\/09\/cropped-cfa8b3e1fa50b36f2dba85e72feba21e.png\"><img loading=\"lazy\" decoding=\"async\" width=\"512\" height=\"512\" src=\"https:\/\/lex-elc.com\/wp-content\/uploads\/2024\/09\/cropped-cfa8b3e1fa50b36f2dba85e72feba21e.png\" alt=\"\" class=\"wp-image-20\" srcset=\"https:\/\/lex-elc.com\/wp-content\/uploads\/2024\/09\/cropped-cfa8b3e1fa50b36f2dba85e72feba21e.png 512w, https:\/\/lex-elc.com\/wp-content\/uploads\/2024\/09\/cropped-cfa8b3e1fa50b36f2dba85e72feba21e-300x300.png 300w, https:\/\/lex-elc.com\/wp-content\/uploads\/2024\/09\/cropped-cfa8b3e1fa50b36f2dba85e72feba21e-150x150.png 150w, https:\/\/lex-elc.com\/wp-content\/uploads\/2024\/09\/cropped-cfa8b3e1fa50b36f2dba85e72feba21e-270x270.png 270w, https:\/\/lex-elc.com\/wp-content\/uploads\/2024\/09\/cropped-cfa8b3e1fa50b36f2dba85e72feba21e-192x192.png 192w, https:\/\/lex-elc.com\/wp-content\/uploads\/2024\/09\/cropped-cfa8b3e1fa50b36f2dba85e72feba21e-180x180.png 180w, https:\/\/lex-elc.com\/wp-content\/uploads\/2024\/09\/cropped-cfa8b3e1fa50b36f2dba85e72feba21e-32x32.png 32w\" sizes=\"auto, (max-width: 512px) 100vw, 512px\" \/><\/a><\/figure>\n<\/div>\n<\/div>\n\n\n\n<div class=\"wp-block-vk-blocks-spacer vk_spacer vk_spacer-type-margin-top vk_block-margin-0--margin-top vk_block-margin-0--margin-bottom\"><div class=\"vk_block-margin-lg--margin-top\"><\/div><\/div>\n\n\n\n<hr class=\"wp-block-separator has-text-color has-vk-color-primary-vivid-color has-alpha-channel-opacity has-vk-color-primary-vivid-background-color has-background is-style-wide vk_block-margin-0--margin-top vk_block-margin-0--margin-bottom\"\/>\n\n\n\n<div class=\"wp-block-vk-blocks-spacer vk_spacer vk_spacer-type-margin-top vk_block-margin-0--margin-top vk_block-margin-0--margin-bottom\"><div class=\"vk_block-margin-lg--margin-top\"><\/div><\/div>\n\n\n\n<h2 class=\"wp-block-heading has-text-align-center vk_block-margin-0--margin-bottom is-style-vk-heading-plain vk_block-margin-0--margin-top\">H\u1ed3 s\u01a1 c\u00f4ng ty<\/h2>\n\n\n\n<p class=\"has-text-align-center vk_block-margin-0--margin-top vk_block-margin-0--margin-bottom has-vk-color-primary-vivid-color has-text-color\" style=\"letter-spacing:2px\">Company<\/p>\n\n\n\n<div class=\"wp-block-vk-blocks-spacer vk_spacer vk_spacer-type-margin-top vk_block-margin-0--margin-bottom vk_block-margin-0--margin-top\"><div class=\"vk_block-margin-md--margin-top\"><\/div><\/div>\n\n\n\n<figure class=\"wp-block-table is-style-vk-table-border-top-bottom vk-table--mobile-block vk-table--th--width25 vk-table--th--bg-bright has-small-font-size\" data-scroll-breakpoint=\"table-scrollable-mobile\"><table><tbody><tr><td>T\u00ean c\u00f4ng ty<\/td><td>C\u00f4ng ty TNHH Lex<\/td><\/tr><tr><td>S\u1ed1 gi\u1ea5y ph\u00e9p ph\u00e1i c\u1eed c\u00f4ng nh\u00e2n<\/td><td>\u6d3e23-301622<\/td><\/tr><tr><td>Gi\u00e1m \u0111\u1ed1c \u0111\u1ea1i di\u1ec7n<\/td><td>Masami Nakagawa<\/td><\/tr><tr><td>S\u1ed1 l\u01b0\u1ee3ng nh\u00e2n vi\u00ean<\/td><td>150 ng\u01b0\u1eddi<\/td><\/tr><tr><td>\u0110\u1ecba ch\u1ec9<\/td><td>906-1 Shimomura-cho, Th\u00e0nh ph\u1ed1 Matsusaka, T\u1ec9nh Mie<\/td><\/tr><tr><td> TEL <\/td><td>0598-20-8735<\/td><\/tr><tr><td> FAX<\/td><td>0598-20-8736<\/td><\/tr><tr><td>N\u1ed9i dung kinh doanh<\/td><td>\u30fbKinh doanh ngu\u1ed3n nh\u00e2n l\u1ef1c<br>\u30fbH\u1ee3p \u0111\u1ed3ng kinh doanh<br>\u30fbGi\u00e1m s\u00e1t th\u1ef1c t\u1eadp sinh k\u1ef9 thu\u1eadt<\/td><\/tr><\/tbody><\/table><\/figure>\n\n\n\n<div class=\"wp-block-vk-blocks-spacer vk_spacer vk_spacer-type-margin-top vk_block-margin-0--margin-bottom vk_block-margin-0--margin-top\"><div class=\"vk_block-margin-lg--margin-top\"><\/div><\/div>\n\n\n\n<h2 class=\"wp-block-heading has-text-align-center vk_block-margin-0--margin-bottom is-style-vk-heading-plain\">truy c\u1eadp<\/h2>\n\n\n\n<p class=\"has-text-align-center vk_block-margin-0--margin-top vk_block-margin-0--margin-bottom has-vk-color-primary-color has-text-color\" style=\"letter-spacing:2px\">Access<\/p>\n\n\n\n<div class=\"wp-block-vk-blocks-spacer vk_spacer vk_spacer-type-margin-top vk_block-margin-0--margin-bottom vk_block-margin-0--margin-top\"><div class=\"vk_block-margin-md--margin-top\"><\/div><\/div>\n\n\n\n<div class=\"wp-block-columns is-layout-flex wp-container-core-columns-is-layout-fb3fdf2b wp-block-columns-is-layout-flex\">\n<div class=\"wp-block-column is-layout-flow wp-block-column-is-layout-flow\">\n<iframe src=\"https:\/\/www.google.com\/maps\/embed?pb=!1m18!1m12!1m3!1d488.48138608586214!2d136.543214738791!3d34.55107473204569!2m3!1f0!2f0!3f0!3m2!1i1024!2i768!4f13.1!3m3!1m2!1s0x600370d3b5060b21%3A0x19e2507f91630faf!2z5qCq5byP5Lya56S-44Os44OD44Kv44K5!5e0!3m2!1sja!2sjp!4v1726491012717!5m2!1sja!2sjp\" width=\"600\" height=\"450\" style=\"border:0;\" allowfullscreen=\"\" loading=\"lazy\" referrerpolicy=\"no-referrer-when-downgrade\"><\/iframe>\n<\/div>\n\n\n\n<div class=\"wp-block-column is-layout-flow wp-block-column-is-layout-flow\">\n<ul class=\"wp-block-list is-style-vk-check-square-mark  vk_block-margin-0--margin-top vk_list_1\">\n<li>\u0110\u1ecba ch\u1ec9<br>906-1 Shimomura-cho, Th\u00e0nh ph\u1ed1 Matsusaka, T\u1ec9nh Mie<br>*V\u0103n ph\u00f2ng n\u1eb1m \u1edf t\u1ea7ng tr\u00ean c\u1ee7a c\u1eeda h\u00e0ng Top One Sari-Sari.<\/li>\n\n\n\n<li>ga g\u1ea7n nh\u1ea5t<br>Kho\u1ea3ng 20 ph\u00fat \u0111i b\u1ed9 t\u1eeb Ga Higashimatsuzaka<\/li>\n\n\n\n<li>Gi\u1edd l\u00e0m vi\u1ec7c<br>C\u00e1c ng\u00e0y trong tu\u1ea7n 8:30-17:30 \/ \u0110\u00f3ng c\u1eeda v\u00e0o th\u1ee9 b\u1ea3y, ch\u1ee7 nh\u1eadt v\u00e0 ng\u00e0y l\u1ec5<\/li>\n<\/ul>\n\n\n\n<div class=\"wp-block-vk-blocks-button vk_button vk_button-color-custom vk_button-align-block is-style-undefined\"><a href=\"#\" class=\"vk_button_link btn has-background has-vk-color-primary-background-color btn-md btn-block\" role=\"button\" aria-pressed=\"true\" rel=\"noopener\"><div class=\"vk_button_link_caption\"><i class=\"fa-solid fa-phone vk_button_link_before\" aria-hidden=\"true\"><\/i><span class=\"vk_button_link_txt\">0598-20-8735<\/span><\/div><p class=\"vk_button_link_subCaption\">N\u1ebfu b\u1ea1n mu\u1ed1n \u0111\u1ebfn th\u0103m v\u0103n ph\u00f2ng c\u1ee7a ch\u00fang t\u00f4i, xin vui l\u00f2ng li\u00ean h\u1ec7 v\u1edbi ch\u00fang t\u00f4i qua \u0111i\u1ec7n tho\u1ea1i.<\/p><\/a><\/div>\n<\/div>\n<\/div>\n\n\n\n<div class=\"wp-block-vk-blocks-spacer vk_spacer vk_spacer-type-margin-top vk_block-margin-0--margin-top vk_block-margin-0--margin-bottom\"><div class=\"vk_block-margin-md--margin-top\"><\/div><\/div>\n\n\n","protected":false},"excerpt":{"rendered":"<p>L\u1eddi ch\u00e0o t\u1eeb ng\u01b0\u1eddi \u0111\u1ea1i di\u1ec7n Greeting Xin ch\u00e2n th\u00e0nh c\u1ea3m \u01a1n qu\u00fd kh\u00e1ch \u0111\u00e3 lu\u00f4n \u1ee7ng h\u1ed9 c\u00f4ng ty ch\u00fang t\u00f4i. K\u1ec3 t\u1eeb khi th\u00e0nh l\u1eadp c\u00f4ng ty, ch\u00fang t\u00f4i \u0111\u00e3 tham gia v\u00e0o l\u0129nh v\u1ef1c kinh doanh nh\u00e2n s\u1ef1 d\u1ef1a tr\u00ean tri\u1ebft l\u00fd \"k\u1ebft n\u1ed1i m\u1ecdi ng\u01b0\u1eddi v\u00e0 c\u00e1c c\u00f4ng ty v\u00e0 c\u00f9ng [&hellip;]<\/p>\n","protected":false},"author":1,"featured_media":0,"parent":0,"menu_order":3,"comment_status":"closed","ping_status":"closed","template":"","meta":{"_locale":"vi","_original_post":"https:\/\/lex-elc.com\/?page_id=82","vkexunit_cta_each_option":"","footnotes":""},"class_list":["post-201","page","type-page","status-publish","hentry","vi"],"aioseo_notices":[],"_links":{"self":[{"href":"https:\/\/lex-elc.com\/wp-json\/wp\/v2\/pages\/201","targetHints":{"allow":["GET"]}}],"collection":[{"href":"https:\/\/lex-elc.com\/wp-json\/wp\/v2\/pages"}],"about":[{"href":"https:\/\/lex-elc.com\/wp-json\/wp\/v2\/types\/page"}],"author":[{"embeddable":true,"href":"https:\/\/lex-elc.com\/wp-json\/wp\/v2\/users\/1"}],"replies":[{"embeddable":true,"href":"https:\/\/lex-elc.com\/wp-json\/wp\/v2\/comments?post=201"}],"version-history":[{"count":6,"href":"https:\/\/lex-elc.com\/wp-json\/wp\/v2\/pages\/201\/revisions"}],"predecessor-version":[{"id":221,"href":"https:\/\/lex-elc.com\/wp-json\/wp\/v2\/pages\/201\/revisions\/221"}],"wp:attachment":[{"href":"https:\/\/lex-elc.com\/wp-json\/wp\/v2\/media?parent=201"}],"curies":[{"name":"wp","href":"https:\/\/api.w.org\/{rel}","templated":true}]}}